{"id":70,"date":"2021-05-24T08:37:40","date_gmt":"2021-05-24T06:37:40","guid":{"rendered":"https:\/\/bip.pukropczyce.eu\/?post_type=bip&#038;p=70"},"modified":"2025-06-09T10:30:15","modified_gmt":"2025-06-09T08:30:15","slug":"dokumenty-do-pobrania-2","status":"publish","type":"page","link":"https:\/\/bip.pukropczyce.eu\/?page_id=70","title":{"rendered":"Dokumenty do pobrania"},"content":{"rendered":"<!-- WP Attachments -->\r\n        <div style=\"width:100%;margin:10px 0 10px 0;\">\r\n            <h3><div style=\"float:right;\">\r\n            <form>\r\n            <select name=\"orderby\" onchange=\"if (this.value) window.location.replace(this.value);\">\r\n              <option selected value=\"\/index.php?rest_route=%2Fwp%2Fv2%2Fpages%2F70\">Order by<\/option>\r\n              <option value=\"\/index.php?rest_route=%2Fwp%2Fv2%2Fpages%2F70&#038;orderby=date\">Date<\/option>\r\n              <option value=\"\/index.php?rest_route=%2Fwp%2Fv2%2Fpages%2F70&#038;orderby=title\">Name<\/option>\r\n            <\/select>\r\n            <\/form>\r\n        <\/div>Za\u0142\u0105czniki<\/h3>\r\n        <ul class=\"post-attachments\"><li class=\"post-attachment mime-application-msword\"><a href=\"https:\/\/bip.pukropczyce.eu\/wp-content\/uploads\/2021\/05\/NOTATKA-SLUZBOWA-Z-ROBOT-ZAKRYTYCH-PRZYLACZY-WOD-KAN..doc\">NOTATKA S\u0141U\u017bBOWA Z ROB\u00d3T ZAKRYTYCH PRZY\u0141\u0104CZY WOD-KAN.<\/a> <small>(34 kB)<\/small><\/li><li class=\"post-attachment mime-application-msword\"><a href=\"https:\/\/bip.pukropczyce.eu\/wp-content\/uploads\/2021\/05\/NOTATKA-SLUZBOWA-Z-ROBOT-ZAKRYTYCH-SIECI-WOD-KAN..doc\">NOTATKA S\u0141U\u017bBOWA Z ROB\u00d3T ZAKRYTYCH SIECI WOD-KAN.<\/a> <small>(31 kB)<\/small><\/li><li class=\"post-attachment mime-application-msword\"><a href=\"https:\/\/bip.pukropczyce.eu\/wp-content\/uploads\/2021\/05\/PROTOKOL-KONCOWEGO-ODBIORU-TECHNICZNEGO-PRZYLACZY-WOD-KAN..doc\">PROTOK\u00d3\u0141 KO\u0143COWEGO ODBIORU TECHNICZNEGO PRZY\u0141\u0104CZY WOD-KAN.<\/a> <small>(31 kB)<\/small><\/li><li class=\"post-attachment mime-application-msword\"><a href=\"https:\/\/bip.pukropczyce.eu\/wp-content\/uploads\/2021\/05\/PROTOKOL-KONCOWEGO-ODBIORU-TECHNICZNEGO-SIECI-WOD-KAN..doc\">PROTOK\u00d3\u0141 KO\u0143COWEGO ODBIORU TECHNICZNEGO SIECI WOD-KAN.<\/a> <small>(34 kB)<\/small><\/li><li class=\"post-attachment mime-application-rtf\"><a href=\"https:\/\/bip.pukropczyce.eu\/wp-content\/uploads\/2021\/05\/WNIOSEK-O-ROZBUDOWE-SIECI-WOD-KAN..rtf\">WNIOSEK O ROZBUDOW\u0118 SIECI WOD-KAN.<\/a> <small>(96 kB)<\/small><\/li><li class=\"post-attachment mime-application-msword\"><a href=\"https:\/\/bip.pukropczyce.eu\/wp-content\/uploads\/2021\/05\/WNIOSEK-O-ROZWIAZANIE-UMOWY-WOD-KAN..doc\">WNIOSEK O ROZWI\u0104ZANIE UMOWY WOD-KAN.<\/a> <small>(34 kB)<\/small><\/li><li class=\"post-attachment mime-application-rtf\"><a href=\"https:\/\/bip.pukropczyce.eu\/wp-content\/uploads\/2021\/05\/WNIOSEK-O-UZGODNIENIE-PROJEKTU..rtf\">WNIOSEK O UZGODNIENIE PROJEKTU.<\/a> <small>(69 kB)<\/small><\/li><li class=\"post-attachment mime-application-rtf\"><a href=\"https:\/\/bip.pukropczyce.eu\/wp-content\/uploads\/2021\/05\/WNIOSEK-O-WARUNKI-TECHNICZNE-PODLICZNIK..rtf\">WNIOSEK O WARUNKI TECHNICZNE - PODLICZNIK.<\/a> <small>(62 kB)<\/small><\/li><li class=\"post-attachment mime-application-msword\"><a href=\"https:\/\/bip.pukropczyce.eu\/wp-content\/uploads\/2021\/05\/WNIOSEK-O-ZAPEWNIENIE-DOSTAWY-WODY-I-PRZYJECIA-SCIEKOW..doc\">WNIOSEK O ZAPEWNIENIE DOSTAWY WODY I PRZYJ\u0118CIA \u015aCIEK\u00d3W.<\/a> <small>(33 kB)<\/small><\/li><li class=\"post-attachment mime-application-msword\"><a href=\"https:\/\/bip.pukropczyce.eu\/wp-content\/uploads\/2021\/05\/WNIOSEK-O-ZAWARCIE-UMOWY-WOD-KAN..doc\">WNIOSEK O ZAWARCIE UMOWY WOD-KAN.<\/a> <small>(56 kB)<\/small><\/li><li class=\"post-attachment mime-application-rtf\"><a href=\"https:\/\/bip.pukropczyce.eu\/wp-content\/uploads\/2021\/05\/WNIOSEK-O-ZMIANE-DANYCH-ZAWARTYCH-W-UMOWIE-WOD-KAN..rtf\">WNIOSEK O ZMIAN\u0118 DANYCH ZAWARTYCH W UMOWIE WOD-KAN.<\/a> <small>(65 kB)<\/small><\/li><li class=\"post-attachment mime-application-msword\"><a href=\"https:\/\/bip.pukropczyce.eu\/wp-content\/uploads\/2021\/05\/WNIOSEK-O-DEMONTAZ-WODOMIERZA-1.doc\">WNIOSEK-O-DEMONTAZ-WODOMIERZA<\/a> <small>(32 kB)<\/small><\/li><li class=\"post-attachment mime-application-msword\"><a href=\"https:\/\/bip.pukropczyce.eu\/wp-content\/uploads\/2021\/05\/WNIOSEK-O-WYDANIE-WARUNOW-przylaczenia_-09_2020r.doc\">WNIOSEK-O-WYDANIE-WARUNOW-przylaczenia_-09_2020r<\/a> <small>(2 MB)<\/small><\/li><\/ul><\/div>","protected":false},"excerpt":{"rendered":"<p>Order by Date Name Za\u0142\u0105czniki NOTATKA S\u0141U\u017bBOWA Z ROB\u00d3T ZAKRYTYCH PRZY\u0141\u0104CZY WOD-KAN. (34 kB)NOTATKA S\u0141U\u017bBOWA Z ROB\u00d3T ZAKRYTYCH SIECI WOD-KAN. (31 kB)PROTOK\u00d3\u0141 KO\u0143COWEGO ODBIORU TECHNICZNEGO PRZY\u0141\u0104CZY WOD-KAN. (31 kB)PROTOK\u00d3\u0141 KO\u0143COWEGO ODBIORU TECHNICZNEGO SIECI WOD-KAN. (34 kB)WNIOSEK O ROZBUDOW\u0118 SIECI WOD-KAN. (96 kB)WNIOSEK O ROZWI\u0104ZANIE UMOWY WOD-KAN. (34 kB)WNIOSEK O UZGODNIENIE PROJEKTU. (69 kB)WNIOSEK O WARUNKI [&hellip;]<\/p>\n","protected":false},"author":2,"featured_media":0,"parent":0,"menu_order":0,"comment_status":"closed","ping_status":"closed","template":"","meta":{"footnotes":""},"class_list":["post-70","page","type-page","status-publish","hentry"],"_links":{"self":[{"href":"https:\/\/bip.pukropczyce.eu\/index.php?rest_route=\/wp\/v2\/pages\/70","targetHints":{"allow":["GET"]}}],"collection":[{"href":"https:\/\/bip.pukropczyce.eu\/index.php?rest_route=\/wp\/v2\/pages"}],"about":[{"href":"https:\/\/bip.pukropczyce.eu\/index.php?rest_route=\/wp\/v2\/types\/page"}],"author":[{"embeddable":true,"href":"https:\/\/bip.pukropczyce.eu\/index.php?rest_route=\/wp\/v2\/users\/2"}],"replies":[{"embeddable":true,"href":"https:\/\/bip.pukropczyce.eu\/index.php?rest_route=%2Fwp%2Fv2%2Fcomments&post=70"}],"version-history":[{"count":7,"href":"https:\/\/bip.pukropczyce.eu\/index.php?rest_route=\/wp\/v2\/pages\/70\/revisions"}],"predecessor-version":[{"id":251,"href":"https:\/\/bip.pukropczyce.eu\/index.php?rest_route=\/wp\/v2\/pages\/70\/revisions\/251"}],"wp:attachment":[{"href":"https:\/\/bip.pukropczyce.eu\/index.php?rest_route=%2Fwp%2Fv2%2Fmedia&parent=70"}],"curies":[{"name":"wp","href":"https:\/\/api.w.org\/{rel}","templated":true}]}}