{"id":64,"date":"2021-05-24T08:36:49","date_gmt":"2021-05-24T06:36:49","guid":{"rendered":"https:\/\/bip.pukropczyce.eu\/?post_type=bip&#038;p=64"},"modified":"2025-06-09T10:41:23","modified_gmt":"2025-06-09T08:41:23","slug":"organy-spolki-2","status":"publish","type":"page","link":"https:\/\/bip.pukropczyce.eu\/?page_id=64","title":{"rendered":"Organy sp\u00f3\u0142ki"},"content":{"rendered":"<table  class=\"table table-bordered table-responsive table table-hover\" >\n<thead>\n<tr>\n<th colspan=\"5\"><strong>\u00a0 \u00a0 \u00a0 \u00a0 \u00a0 \u00a0 \u00a0 \u00a0 \u00a0 \u00a0 \u00a0 \u00a0 \u00a0 \u00a0 \u00a0 \u00a0 \u00a0 \u00a0 \u00a0 \u00a0 CZ\u0141ONKOWIE REPREZENTACJI<br \/>\n<\/strong><\/th>\n<\/tr>\n<\/thead>\n<tbody>\n<tr>\n<td><strong>Nazwisko lub Nazwa:<\/strong><\/td>\n<td><strong>Nazwisko drugi cz\u0142on:<\/strong><\/td>\n<td><strong>Pierwsze imi\u0119:<\/strong><\/td>\n<td><strong>Drugie imi\u0119:<\/strong><\/td>\n<td><strong>Funkcja\/stanowisko:<\/strong><\/td>\n<\/tr>\n<tr>\n<td>SIERADZKI<\/td>\n<td><\/td>\n<td>JERZY<\/td>\n<td><\/td>\n<td>PREZES ZARZ\u0104DU<\/td>\n<\/tr>\n<tr>\n<td>IWAN<\/td>\n<td><\/td>\n<td>WOJCIECH<\/td>\n<td>PIOTR<\/td>\n<td>PROKURENT<\/td>\n<\/tr>\n<tr>\n<td>PRAG\u0141OWSKI<\/td>\n<td><\/td>\n<td>RYSZARD<\/td>\n<td><\/td>\n<td>PROKURENT<\/td>\n<\/tr>\n<\/tbody>\n<\/table>\n<p>&nbsp;<\/p>\n","protected":false},"excerpt":{"rendered":"<p>\u00a0 \u00a0 \u00a0 \u00a0 \u00a0 \u00a0 \u00a0 \u00a0 \u00a0 \u00a0 \u00a0 \u00a0 \u00a0 \u00a0 \u00a0 \u00a0 \u00a0 \u00a0 \u00a0 \u00a0 CZ\u0141ONKOWIE REPREZENTACJI Nazwisko lub Nazwa: Nazwisko drugi cz\u0142on: Pierwsze imi\u0119: Drugie imi\u0119: Funkcja\/stanowisko: SIERADZKI JERZY PREZES ZARZ\u0104DU IWAN WOJCIECH PIOTR PROKURENT PRAG\u0141OWSKI RYSZARD PROKURENT &nbsp;<\/p>\n","protected":false},"author":2,"featured_media":0,"parent":0,"menu_order":0,"comment_status":"closed","ping_status":"closed","template":"","meta":{"footnotes":""},"class_list":["post-64","page","type-page","status-publish","hentry"],"_links":{"self":[{"href":"https:\/\/bip.pukropczyce.eu\/index.php?rest_route=\/wp\/v2\/pages\/64","targetHints":{"allow":["GET"]}}],"collection":[{"href":"https:\/\/bip.pukropczyce.eu\/index.php?rest_route=\/wp\/v2\/pages"}],"about":[{"href":"https:\/\/bip.pukropczyce.eu\/index.php?rest_route=\/wp\/v2\/types\/page"}],"author":[{"embeddable":true,"href":"https:\/\/bip.pukropczyce.eu\/index.php?rest_route=\/wp\/v2\/users\/2"}],"replies":[{"embeddable":true,"href":"https:\/\/bip.pukropczyce.eu\/index.php?rest_route=%2Fwp%2Fv2%2Fcomments&post=64"}],"version-history":[{"count":10,"href":"https:\/\/bip.pukropczyce.eu\/index.php?rest_route=\/wp\/v2\/pages\/64\/revisions"}],"predecessor-version":[{"id":306,"href":"https:\/\/bip.pukropczyce.eu\/index.php?rest_route=\/wp\/v2\/pages\/64\/revisions\/306"}],"wp:attachment":[{"href":"https:\/\/bip.pukropczyce.eu\/index.php?rest_route=%2Fwp%2Fv2%2Fmedia&parent=64"}],"curies":[{"name":"wp","href":"https:\/\/api.w.org\/{rel}","templated":true}]}}